{"id":3272,"date":"2022-07-03T21:08:08","date_gmt":"2022-07-03T20:08:08","guid":{"rendered":"https:\/\/subscriptioncar.es\/?post_type=product&#038;p=3272"},"modified":"2022-07-24T20:13:40","modified_gmt":"2022-07-24T19:13:40","slug":"t-roc-tsi-negro","status":"publish","type":"product","link":"https:\/\/subscriptioncar.es\/ca\/producto\/t-roc-tsi-negro\/","title":{"rendered":"T-Roc TSI Negre"},"content":{"rendered":"<p><\/p>\n<h4>Volkswagen<br \/>\nT-Roc TSI<\/h4>\n<h5>150 cv Gasolina<br \/>\nNegre Profund efecte perla.<\/h5>\n<p><strong>Des de 526,04 \u20ac\/mes*<\/strong><\/p>\n<p class=\"p1\"><strong>Equipat amb:<\/strong><\/p>\n<p class=\"p1\"><strong>&#8211; Canvi autom\u00e0tic DSG 7 velocitats amb lleves<\/strong><\/p>\n<p class=\"p1\"><strong>&#8211; Acabat Sport<\/strong><\/p>\n<p class=\"p1\"><strong>&#8211; Paquet R-Line Interior i Exterior<\/strong><\/p>\n<p class=\"p1\"><strong>&#8211; Climatitzador Bi-Zona<\/strong><\/p>\n<p class=\"p1\"><strong>&#8211; Volkswagen Digital Cockpit<\/strong><\/p>\n<p class=\"p1\"><strong>&#8211; Direcci\u00f3 Progressiva, depenent velocitat<\/strong><\/p>\n<p class=\"p1\">&#8211; Radio Composition Media de pantalla t\u00e0ctil a color 8\u2019\u2019 amb funci\u00f3 reproducci\u00f3 MP3, 8 altaveus i preparaci\u00f3 tel\u00e8fon \u201cVW Universal Bluetooth\u201d<\/p>\n<p class=\"p1\"><strong>&#8211; App-Connect per Bluetooth<\/strong><\/p>\n<p class=\"p1\"><strong>&#8211; Telefonia Bluetooth<\/strong><\/p>\n<p class=\"p1\"><strong>&#8211; \u00c0udio Bluetooth<\/strong><\/p>\n<p class=\"p1\">&#8211; Targeta SD<\/p>\n<p class=\"p1\">&#8211; Media interface amb 2 USB<\/p>\n<p class=\"p1\"><strong>&#8211; Volant esportiu R-Line 3 radis multifunci\u00f3 amb lleves<\/strong><\/p>\n<p class=\"p1\">&#8211; <strong>Seients esportius R-Line en tela negra amb parts en cuir<\/strong>, davanters regulables en altura<\/p>\n<p class=\"p1\">&#8211; Recolzabra\u00e7os central<\/p>\n<p class=\"p1\">&#8211; Pedals en acer inoxidable<\/p>\n<p class=\"p1\">&#8211; Revestiment del sostre interior en negre<\/p>\n<p class=\"p1\">&#8211; <strong>Control de velocitat Tempomat incloent limitador<\/strong><\/p>\n<p class=\"p1\"><strong>&#8211; Regulador de distancia ACC stop&amp;go<\/strong><\/p>\n<p class=\"p1\"><strong>&#8211; Sensor de llums i puja<\/strong><\/p>\n<p class=\"p1\"><strong>&#8211; Keyless Access i Keyless Go, sistema d\u00a1obertura i encesa sense clau<\/strong><\/p>\n<p class=\"p1\">&#8211; <strong>Drive Select<\/strong>, selecci\u00f3 perfil de conducci\u00f3<\/p>\n<p class=\"p1\">&#8211; Auto Hold, ajuda arrancada en pendents<\/p>\n<p class=\"p1\">&#8211; <strong>Lane Assist<\/strong>, assistent manteniment carril<\/p>\n<p class=\"p1\">&#8211; <strong>Front Assist<\/strong>, vigil\u00e0ncia entorn<\/p>\n<p class=\"p1\">&#8211; Retrovisor interior anti enlluernament<\/p>\n<p class=\"p1\"><strong>&#8211; Paquet de retrovisors<\/strong><\/p>\n<p class=\"p1\">&#8211; Retrovisors exteriors plegables el\u00e8ctricament i t\u00e8rmics<\/p>\n<p class=\"p1\">&#8211; Vidres posteriors tintats<\/p>\n<p class=\"p1\">&#8211; Barres longitudinals en el sostre cromades<\/p>\n<p class=\"p1\"><strong>&#8211; Sostre Solar Panor\u00e0mic<\/strong><\/p>\n<p class=\"p1\">&#8211; Inmovilizador electr\u00f2nic<\/p>\n<p class=\"p1\"><strong>&#8211; Camara de marxa endarrere Rear Assist<\/strong><\/p>\n<p class=\"p1\"><strong>&#8211; Sensores d\u2019aparcament Parkpilot davanters i posteriors<\/strong><\/p>\n<p class=\"p1\"><strong>&#8211; Fars davanters LED amb regulaci\u00f3 din\u00e0mica i llum di\u00fcrna LED<\/strong><\/p>\n<p class=\"p1\">&#8211; Llums posteriors LED<\/p>\n<p class=\"p1\">&#8211; Tren de rodatge esportiu<\/p>\n<p class=\"p1\">&#8211; Seguro antirrobo per les rodes<\/p>\n<p class=\"p1\"><strong>&#8211; Llantes Misano en grafit fosc metal\u00b7litzat de 19\u2019\u2019<\/strong><\/p>\n<p class=\"p4\"><strong>*Nou* 0 Km. Nacional.<\/strong><\/p>\n<p class=\"p1\"><strong>*Consulti condicions<\/strong><\/p>\n<p><\/p>","protected":false},"excerpt":{"rendered":"<h5>1.5 TSI DSG Sport R-Line, Keyless Access, Sostre, Fars LED C\u00e0mera, Parktonic **NOU**<\/h5>\n","protected":false},"featured_media":3273,"template":"","meta":{"_acf_changed":false,"inline_featured_image":false},"product_cat":[213,216],"product_tag":[],"class_list":["post-3272","product","type-product","status-publish","has-post-thumbnail","hentry","product_cat-volskwagen","product_cat-t-roc-tsi"],"acf":[],"yoast_head":"<!-- This site is optimized with the Yoast SEO plugin v27.3 - https:\/\/yoast.com\/product\/yoast-seo-wordpress\/ -->\n<title>T-Roc TSI Negre - Subscription Car<\/title>\n<meta name=\"robots\" content=\"index, follow, max-snippet:-1, max-image-preview:large, max-video-preview:-1\" \/>\n<link rel=\"canonical\" href=\"https:\/\/subscriptioncar.es\/ca\/producto\/t-roc-tsi-negro\/\" \/>\n<meta property=\"og:locale\" content=\"ca_ES\" \/>\n<meta property=\"og:type\" content=\"article\" \/>\n<meta property=\"og:title\" content=\"T-Roc TSI Negre - Subscription Car\" \/>\n<meta property=\"og:description\" content=\"1.5 TSI DSG Sport R-Line, Keyless Access, Sostre, Fars LED C\u00e0mera, Parktonic **NOU**\" \/>\n<meta property=\"og:url\" content=\"https:\/\/subscriptioncar.es\/ca\/producto\/t-roc-tsi-negro\/\" \/>\n<meta property=\"og:site_name\" content=\"Subscription Car\" \/>\n<meta property=\"article:modified_time\" content=\"2022-07-24T19:13:40+00:00\" \/>\n<meta property=\"og:image\" content=\"https:\/\/subscriptioncar.es\/wp-content\/uploads\/2022\/07\/T-Roc-TSI-Negre-1.jpg\" \/>\n\t<meta property=\"og:image:width\" content=\"1522\" \/>\n\t<meta property=\"og:image:height\" content=\"908\" \/>\n\t<meta property=\"og:image:type\" content=\"image\/jpeg\" \/>\n<meta name=\"twitter:card\" content=\"summary_large_image\" \/>\n<meta name=\"twitter:label1\" content=\"Temps estimat de lectura\" \/>\n\t<meta name=\"twitter:data1\" content=\"2 minuts\" \/>\n<script type=\"application\/ld+json\" class=\"yoast-schema-graph\">{\"@context\":\"https:\\\/\\\/schema.org\",\"@graph\":[{\"@type\":\"WebPage\",\"@id\":\"https:\\\/\\\/subscriptioncar.es\\\/ca\\\/producto\\\/t-roc-tsi-negro\\\/\",\"url\":\"https:\\\/\\\/subscriptioncar.es\\\/ca\\\/producto\\\/t-roc-tsi-negro\\\/\",\"name\":\"T-Roc TSI Negre - Subscription Car\",\"isPartOf\":{\"@id\":\"https:\\\/\\\/subscriptioncar.es\\\/ca\\\/#website\"},\"primaryImageOfPage\":{\"@id\":\"https:\\\/\\\/subscriptioncar.es\\\/ca\\\/producto\\\/t-roc-tsi-negro\\\/#primaryimage\"},\"image\":{\"@id\":\"https:\\\/\\\/subscriptioncar.es\\\/producto\\\/t-roc-tsi-negro\\\/#primaryimage\"},\"thumbnailUrl\":\"https:\\\/\\\/subscriptioncar.es\\\/wp-content\\\/uploads\\\/2022\\\/07\\\/T-Roc-TSI-Negre-1.jpg\",\"datePublished\":\"2022-07-03T20:08:08+00:00\",\"dateModified\":\"2022-07-24T19:13:40+00:00\",\"breadcrumb\":{\"@id\":\"https:\\\/\\\/subscriptioncar.es\\\/ca\\\/producto\\\/t-roc-tsi-negro\\\/#breadcrumb\"},\"inLanguage\":\"ca\",\"potentialAction\":[{\"@type\":\"ReadAction\",\"target\":[[\"https:\\\/\\\/subscriptioncar.es\\\/ca\\\/producto\\\/t-roc-tsi-negro\\\/\"]]}]},{\"@type\":\"ImageObject\",\"inLanguage\":\"ca\",\"@id\":\"https:\\\/\\\/subscriptioncar.es\\\/ca\\\/producto\\\/t-roc-tsi-negro\\\/#primaryimage\",\"url\":\"https:\\\/\\\/subscriptioncar.es\\\/wp-content\\\/uploads\\\/2022\\\/07\\\/T-Roc-TSI-Negre-1.jpg\",\"contentUrl\":\"https:\\\/\\\/subscriptioncar.es\\\/wp-content\\\/uploads\\\/2022\\\/07\\\/T-Roc-TSI-Negre-1.jpg\",\"width\":1522,\"height\":908},{\"@type\":\"BreadcrumbList\",\"@id\":\"https:\\\/\\\/subscriptioncar.es\\\/ca\\\/producto\\\/t-roc-tsi-negro\\\/#breadcrumb\",\"itemListElement\":[{\"@type\":\"ListItem\",\"position\":1,\"name\":\"Portada\",\"item\":\"https:\\\/\\\/subscriptioncar.es\\\/ca\\\/\"},{\"@type\":\"ListItem\",\"position\":2,\"name\":\"Nuestros veh\u00edculos\",\"item\":\"https:\\\/\\\/subscriptioncar.es\\\/ca\\\/vehiculos\\\/\"},{\"@type\":\"ListItem\",\"position\":3,\"name\":\"T-Roc TSI Negro\"}]},{\"@type\":\"WebSite\",\"@id\":\"https:\\\/\\\/subscriptioncar.es\\\/ca\\\/#website\",\"url\":\"https:\\\/\\\/subscriptioncar.es\\\/ca\\\/\",\"name\":\"Subscription Car\",\"description\":\"Som el cam\u00ed perqu\u00e8 pugueu gaudir d&#039;un nou vehicle\",\"potentialAction\":[{\"@type\":\"SearchAction\",\"target\":{\"@type\":\"EntryPoint\",\"urlTemplate\":\"https:\\\/\\\/subscriptioncar.es\\\/ca\\\/?s={search_term_string}\"},\"query-input\":{\"@type\":\"PropertyValueSpecification\",\"valueRequired\":true,\"valueName\":\"search_term_string\"}}],\"inLanguage\":\"ca\"}]}<\/script>\n<!-- \/ Yoast SEO plugin. -->","yoast_head_json":{"title":"T-Roc TSI Negre - Subscription Car","robots":{"index":"index","follow":"follow","max-snippet":"max-snippet:-1","max-image-preview":"max-image-preview:large","max-video-preview":"max-video-preview:-1"},"canonical":"https:\/\/subscriptioncar.es\/ca\/producto\/t-roc-tsi-negro\/","og_locale":"ca_ES","og_type":"article","og_title":"T-Roc TSI Negre - Subscription Car","og_description":"1.5 TSI DSG Sport R-Line, Keyless Access, Sostre, Fars LED C\u00e0mera, Parktonic **NOU**","og_url":"https:\/\/subscriptioncar.es\/ca\/producto\/t-roc-tsi-negro\/","og_site_name":"Subscription Car","article_modified_time":"2022-07-24T19:13:40+00:00","og_image":[{"width":1522,"height":908,"url":"https:\/\/subscriptioncar.es\/wp-content\/uploads\/2022\/07\/T-Roc-TSI-Negre-1.jpg","type":"image\/jpeg"}],"twitter_card":"summary_large_image","twitter_misc":{"Temps estimat de lectura":"2 minuts"},"schema":{"@context":"https:\/\/schema.org","@graph":[{"@type":"WebPage","@id":"https:\/\/subscriptioncar.es\/ca\/producto\/t-roc-tsi-negro\/","url":"https:\/\/subscriptioncar.es\/ca\/producto\/t-roc-tsi-negro\/","name":"T-Roc TSI Negre - Subscription Car","isPartOf":{"@id":"https:\/\/subscriptioncar.es\/ca\/#website"},"primaryImageOfPage":{"@id":"https:\/\/subscriptioncar.es\/ca\/producto\/t-roc-tsi-negro\/#primaryimage"},"image":{"@id":"https:\/\/subscriptioncar.es\/producto\/t-roc-tsi-negro\/#primaryimage"},"thumbnailUrl":"https:\/\/subscriptioncar.es\/wp-content\/uploads\/2022\/07\/T-Roc-TSI-Negre-1.jpg","datePublished":"2022-07-03T20:08:08+00:00","dateModified":"2022-07-24T19:13:40+00:00","breadcrumb":{"@id":"https:\/\/subscriptioncar.es\/ca\/producto\/t-roc-tsi-negro\/#breadcrumb"},"inLanguage":"ca","potentialAction":[{"@type":"ReadAction","target":[["https:\/\/subscriptioncar.es\/ca\/producto\/t-roc-tsi-negro\/"]]}]},{"@type":"ImageObject","inLanguage":"ca","@id":"https:\/\/subscriptioncar.es\/ca\/producto\/t-roc-tsi-negro\/#primaryimage","url":"https:\/\/subscriptioncar.es\/wp-content\/uploads\/2022\/07\/T-Roc-TSI-Negre-1.jpg","contentUrl":"https:\/\/subscriptioncar.es\/wp-content\/uploads\/2022\/07\/T-Roc-TSI-Negre-1.jpg","width":1522,"height":908},{"@type":"BreadcrumbList","@id":"https:\/\/subscriptioncar.es\/ca\/producto\/t-roc-tsi-negro\/#breadcrumb","itemListElement":[{"@type":"ListItem","position":1,"name":"Portada","item":"https:\/\/subscriptioncar.es\/ca\/"},{"@type":"ListItem","position":2,"name":"Nuestros veh\u00edculos","item":"https:\/\/subscriptioncar.es\/ca\/vehiculos\/"},{"@type":"ListItem","position":3,"name":"T-Roc TSI Negro"}]},{"@type":"WebSite","@id":"https:\/\/subscriptioncar.es\/ca\/#website","url":"https:\/\/subscriptioncar.es\/ca\/","name":"Subscription Car","description":"Som el cam\u00ed perqu\u00e8 pugueu gaudir d&#039;un nou vehicle","potentialAction":[{"@type":"SearchAction","target":{"@type":"EntryPoint","urlTemplate":"https:\/\/subscriptioncar.es\/ca\/?s={search_term_string}"},"query-input":{"@type":"PropertyValueSpecification","valueRequired":true,"valueName":"search_term_string"}}],"inLanguage":"ca"}]}},"_links":{"self":[{"href":"https:\/\/subscriptioncar.es\/ca\/wp-json\/wp\/v2\/product\/3272","targetHints":{"allow":["GET"]}}],"collection":[{"href":"https:\/\/subscriptioncar.es\/ca\/wp-json\/wp\/v2\/product"}],"about":[{"href":"https:\/\/subscriptioncar.es\/ca\/wp-json\/wp\/v2\/types\/product"}],"wp:featuredmedia":[{"embeddable":true,"href":"https:\/\/subscriptioncar.es\/ca\/wp-json\/wp\/v2\/media\/3273"}],"wp:attachment":[{"href":"https:\/\/subscriptioncar.es\/ca\/wp-json\/wp\/v2\/media?parent=3272"}],"wp:term":[{"taxonomy":"product_cat","embeddable":true,"href":"https:\/\/subscriptioncar.es\/ca\/wp-json\/wp\/v2\/product_cat?post=3272"},{"taxonomy":"product_tag","embeddable":true,"href":"https:\/\/subscriptioncar.es\/ca\/wp-json\/wp\/v2\/product_tag?post=3272"}],"curies":[{"name":"wp","href":"https:\/\/api.w.org\/{rel}","templated":true}]}}