{"id":3200,"date":"2022-07-01T11:54:19","date_gmt":"2022-07-01T10:54:19","guid":{"rendered":"https:\/\/subscriptioncar.es\/?page_id=3200"},"modified":"2022-10-10T17:08:38","modified_gmt":"2022-10-10T16:08:38","slug":"como-funciona","status":"publish","type":"page","link":"https:\/\/subscriptioncar.es\/ca\/como-funciona\/","title":{"rendered":"Com funciona"},"content":{"rendered":"<p>[vc_row full_width=&#8221;stretch_row&#8221; equal_height=&#8221;yes&#8221; content_placement=&#8221;middle&#8221; css=&#8221;.vc_custom_1657968596339{margin-top: 140px !important;margin-bottom: 50px !important;}&#8221; el_id=&#8221;como-funciona&#8221; el_class=&#8221;como-funciona&#8221;][vc_column width=&#8221;1\/12&#8243; el_class=&#8221;como-1&#8243;][\/vc_column][vc_column css_animation=&#8221;fadeIn&#8221; width=&#8221;1\/3&#8243; el_class=&#8221;como-texto&#8221;][vc_column_text]Vivim moments de canvis constants on la tecnologia i les necessitats personals canvien segons les nostres prioritats. Les nostres necessitats actuals, hauran canviat en uns mesos i la tecnologia haur\u00e0 evolucionat dem\u00e0. L&#8217;autom\u00f2bil no queda ali\u00e8 a aquesta evoluci\u00f3.<\/p>\n<p>Perqu\u00e8 adquirim un vehicle que probablement dins d&#8217;un any no complir\u00e0 amb les nostres necessitats?[\/vc_column_text][\/vc_column][vc_column width=&#8221;1\/12&#8243; el_class=&#8221;como-3&#8243;][\/vc_column][vc_column width=&#8221;5\/12&#8243; el_class=&#8221;como-imagen&#8221;][vc_single_image image=&#8221;3587&#8243; img_size=&#8221;full&#8221; alignment=&#8221;center&#8221; css_animation=&#8221;fadeInRight&#8221;][\/vc_column][vc_column width=&#8221;1\/12&#8243; el_class=&#8221;como-5&#8243;][\/vc_column][\/vc_row][vc_row full_width=&#8221;stretch_row&#8221; equal_height=&#8221;yes&#8221; content_placement=&#8221;middle&#8221; css=&#8221;.vc_custom_1657968603206{margin-bottom: 50px !important;}&#8221; el_id=&#8221;como-funciona&#8221; el_class=&#8221;como-funciona&#8221;][vc_column width=&#8221;1\/12&#8243; el_class=&#8221;como-1&#8243;][\/vc_column][vc_column width=&#8221;5\/12&#8243; el_class=&#8221;como-imagen&#8221;][vc_single_image image=&#8221;3588&#8243; img_size=&#8221;full&#8221; alignment=&#8221;center&#8221; css_animation=&#8221;fadeInLeft&#8221;][\/vc_column][vc_column width=&#8221;1\/12&#8243; el_class=&#8221;como-3&#8243;][\/vc_column][vc_column css_animation=&#8221;fadeIn&#8221; width=&#8221;1\/3&#8243; el_class=&#8221;como-texto&#8221;][vc_column_text]<\/p>\n<div class=\"traductor-textarea form-group\">\n<div class=\"textarea-desti col-xs-12 col-sm-6\">\n<div class=\"form-control second-textarea\">\n<p>A <strong>Subcription Car<\/strong>, podr\u00e0s subscriure i triar el cotxe que s&#8217;adapta a les teves necessitats i fer-lo servir el temps que necessitis. Sense lligams! Sense m\u00e9s!<\/p>\n<p>I qu\u00e8 ens diferencia de la compet\u00e8ncia? En <strong>Subcription Car<\/strong> no et subscrius a un model de cotxe \u201co similar\u201d, et subscrius a un cotxe en concret, et subscrius a \u201caquest\u201d cotxe, amb un equipament concret, caracter\u00edstiques detallades i que s&#8217;adapta a les teves necessitats.<\/p>\n<\/div>\n<\/div>\n<\/div>\n<p>[\/vc_column_text][\/vc_column][vc_column width=&#8221;1\/12&#8243; el_class=&#8221;como-5&#8243;][\/vc_column][\/vc_row][vc_row full_width=&#8221;stretch_row&#8221; equal_height=&#8221;yes&#8221; content_placement=&#8221;middle&#8221; css=&#8221;.vc_custom_1657968609557{margin-bottom: 50px !important;}&#8221; el_id=&#8221;como-funciona&#8221; el_class=&#8221;como-funciona&#8221;][vc_column width=&#8221;1\/12&#8243; el_class=&#8221;como-1&#8243;][\/vc_column][vc_column css_animation=&#8221;fadeIn&#8221; width=&#8221;1\/3&#8243; el_class=&#8221;como-texto&#8221;][vc_column_text]<\/p>\n<p class=\"p1\">Tenim les \u00faltimes novetats de les principals marques i amb el m\u00e0xim equipament. Un cotxe que compraries, per\u00f2 que a <strong>Subcription\u00a0Car<\/strong> el pots subscriure i quan una altra opci\u00f3 canviar-lo canviar-ho. I sin\u00f3, als 12 mesos te\u2019l substitu\u00efm per un altre. Perqu\u00e8 amb <strong>Subcription Car<\/strong>, cada 12 mesos estrenar\u00e0s cotxe nou!<\/p>\n<p>Sense entrades, sense costos de manteniment, sense despeses d&#8217;asseguran\u00e7a, sense devaluacions futures, sense hist\u00f2ries\u2026 a <strong>Subcription Car<\/strong> ho tens tot incl\u00f2s.[\/vc_column_text][\/vc_column][vc_column width=&#8221;1\/12&#8243; el_class=&#8221;como-3&#8243;][\/vc_column][vc_column width=&#8221;5\/12&#8243; el_class=&#8221;como-imagen&#8221;][vc_single_image image=&#8221;3589&#8243; img_size=&#8221;full&#8221; alignment=&#8221;center&#8221; css_animation=&#8221;fadeInRight&#8221;][\/vc_column][vc_column width=&#8221;1\/12&#8243; el_class=&#8221;como-5&#8243;][\/vc_column][\/vc_row][vc_row css_animation=&#8221;fadeIn&#8221; css=&#8221;.vc_custom_1487082369505{padding-top: 75px !important;padding-bottom: 75px !important;}&#8221;][vc_column][vc_column_text]<\/p>\n<h3 style=\"text-align: center;\">Perqu\u00e8 no ho proves?<\/h3>\n<p style=\"text-align: center;\">Si no et conven\u00e7, et desubscrius. Sense lligams. Aix\u00ed de simple.<\/p>\n<p>[\/vc_column_text][vc_btn title=&#8221;Veure vehicles&#8221; style=&#8221;outline&#8221; shape=&#8221;square&#8221; color=&#8221;black&#8221; align=&#8221;center&#8221; link=&#8221;url:https%3A%2F%2Fsubscriptioncar.es%2Fvehiculos%2F|title:Nuestros%20veh%C3%ADculos&#8221;][\/vc_column][\/vc_row]<\/p>","protected":false},"excerpt":{"rendered":"<p>[vc_row full_width=&#8221;stretch_row&#8221; equal_height=&#8221;yes&#8221; content_placement=&#8221;middle&#8221; css=&#8221;.vc_custom_1657968596339{margin-top: 140px !important;margin-bottom: 50px !important;}&#8221; el_id=&#8221;como-funciona&#8221; el_class=&#8221;como-funciona&#8221;][vc_column width=&#8221;1\/12&#8243; el_class=&#8221;como-1&#8243;][\/vc_column][vc_column css_animation=&#8221;fadeIn&#8221; width=&#8221;1\/3&#8243; el_class=&#8221;como-texto&#8221;][vc_column_text]Vivim moments de canvis constants on la tecnologia i les necessitats personals canvien segons les nostres prioritats. Les nostres necessitats actuals, hauran canviat en uns mesos i la tecnologia haur\u00e0 evolucionat dem\u00e0. L&#8217;autom\u00f2bil no queda ali\u00e8 a aquesta evoluci\u00f3. Perqu\u00e8 [&hellip;]<\/p>\n","protected":false},"author":2,"featured_media":0,"parent":0,"menu_order":0,"comment_status":"closed","ping_status":"closed","template":"","meta":{"_acf_changed":false,"inline_featured_image":false,"footnotes":""},"class_list":["post-3200","page","type-page","status-publish","hentry"],"acf":[],"yoast_head":"<!-- This site is optimized with the Yoast SEO plugin v27.3 - https:\/\/yoast.com\/product\/yoast-seo-wordpress\/ -->\n<title>Com funciona - Subscription Car<\/title>\n<meta name=\"robots\" content=\"index, follow, max-snippet:-1, max-image-preview:large, max-video-preview:-1\" \/>\n<link rel=\"canonical\" href=\"https:\/\/subscriptioncar.es\/ca\/como-funciona\/\" \/>\n<meta property=\"og:locale\" content=\"ca_ES\" \/>\n<meta property=\"og:type\" content=\"article\" \/>\n<meta property=\"og:title\" content=\"Com funciona - Subscription Car\" \/>\n<meta property=\"og:description\" content=\"[vc_row full_width=&#8221;stretch_row&#8221; equal_height=&#8221;yes&#8221; content_placement=&#8221;middle&#8221; css=&#8221;.vc_custom_1657968596339{margin-top: 140px !important;margin-bottom: 50px !important;}&#8221; el_id=&#8221;como-funciona&#8221; el_class=&#8221;como-funciona&#8221;][vc_column width=&#8221;1\/12&#8243; el_class=&#8221;como-1&#8243;][\/vc_column][vc_column css_animation=&#8221;fadeIn&#8221; width=&#8221;1\/3&#8243; el_class=&#8221;como-texto&#8221;][vc_column_text]Vivim moments de canvis constants on la tecnologia i les necessitats personals canvien segons les nostres prioritats. Les nostres necessitats actuals, hauran canviat en uns mesos i la tecnologia haur\u00e0 evolucionat dem\u00e0. L&#8217;autom\u00f2bil no queda ali\u00e8 a aquesta evoluci\u00f3. Perqu\u00e8 [&hellip;]\" \/>\n<meta property=\"og:url\" content=\"https:\/\/subscriptioncar.es\/ca\/como-funciona\/\" \/>\n<meta property=\"og:site_name\" content=\"Subscription Car\" \/>\n<meta property=\"article:modified_time\" content=\"2022-10-10T16:08:38+00:00\" \/>\n<meta name=\"twitter:card\" content=\"summary_large_image\" \/>\n<meta name=\"twitter:label1\" content=\"Temps estimat de lectura\" \/>\n\t<meta name=\"twitter:data1\" content=\"2 minuts\" \/>\n<script type=\"application\/ld+json\" class=\"yoast-schema-graph\">{\"@context\":\"https:\\\/\\\/schema.org\",\"@graph\":[{\"@type\":\"WebPage\",\"@id\":\"https:\\\/\\\/subscriptioncar.es\\\/ca\\\/como-funciona\\\/\",\"url\":\"https:\\\/\\\/subscriptioncar.es\\\/ca\\\/como-funciona\\\/\",\"name\":\"Com funciona - Subscription Car\",\"isPartOf\":{\"@id\":\"https:\\\/\\\/subscriptioncar.es\\\/ca\\\/#website\"},\"datePublished\":\"2022-07-01T10:54:19+00:00\",\"dateModified\":\"2022-10-10T16:08:38+00:00\",\"breadcrumb\":{\"@id\":\"https:\\\/\\\/subscriptioncar.es\\\/ca\\\/como-funciona\\\/#breadcrumb\"},\"inLanguage\":\"ca\",\"potentialAction\":[{\"@type\":\"ReadAction\",\"target\":[[\"https:\\\/\\\/subscriptioncar.es\\\/ca\\\/como-funciona\\\/\"]]}]},{\"@type\":\"BreadcrumbList\",\"@id\":\"https:\\\/\\\/subscriptioncar.es\\\/ca\\\/como-funciona\\\/#breadcrumb\",\"itemListElement\":[{\"@type\":\"ListItem\",\"position\":1,\"name\":\"Portada\",\"item\":\"https:\\\/\\\/subscriptioncar.es\\\/ca\\\/\"},{\"@type\":\"ListItem\",\"position\":2,\"name\":\"Como funciona\"}]},{\"@type\":\"WebSite\",\"@id\":\"https:\\\/\\\/subscriptioncar.es\\\/ca\\\/#website\",\"url\":\"https:\\\/\\\/subscriptioncar.es\\\/ca\\\/\",\"name\":\"Subscription Car\",\"description\":\"Som el cam\u00ed perqu\u00e8 pugueu gaudir d&#039;un nou vehicle\",\"potentialAction\":[{\"@type\":\"SearchAction\",\"target\":{\"@type\":\"EntryPoint\",\"urlTemplate\":\"https:\\\/\\\/subscriptioncar.es\\\/ca\\\/?s={search_term_string}\"},\"query-input\":{\"@type\":\"PropertyValueSpecification\",\"valueRequired\":true,\"valueName\":\"search_term_string\"}}],\"inLanguage\":\"ca\"}]}<\/script>\n<!-- \/ Yoast SEO plugin. -->","yoast_head_json":{"title":"Com funciona - Subscription Car","robots":{"index":"index","follow":"follow","max-snippet":"max-snippet:-1","max-image-preview":"max-image-preview:large","max-video-preview":"max-video-preview:-1"},"canonical":"https:\/\/subscriptioncar.es\/ca\/como-funciona\/","og_locale":"ca_ES","og_type":"article","og_title":"Com funciona - Subscription Car","og_description":"[vc_row full_width=&#8221;stretch_row&#8221; equal_height=&#8221;yes&#8221; content_placement=&#8221;middle&#8221; css=&#8221;.vc_custom_1657968596339{margin-top: 140px !important;margin-bottom: 50px !important;}&#8221; el_id=&#8221;como-funciona&#8221; el_class=&#8221;como-funciona&#8221;][vc_column width=&#8221;1\/12&#8243; el_class=&#8221;como-1&#8243;][\/vc_column][vc_column css_animation=&#8221;fadeIn&#8221; width=&#8221;1\/3&#8243; el_class=&#8221;como-texto&#8221;][vc_column_text]Vivim moments de canvis constants on la tecnologia i les necessitats personals canvien segons les nostres prioritats. Les nostres necessitats actuals, hauran canviat en uns mesos i la tecnologia haur\u00e0 evolucionat dem\u00e0. L&#8217;autom\u00f2bil no queda ali\u00e8 a aquesta evoluci\u00f3. Perqu\u00e8 [&hellip;]","og_url":"https:\/\/subscriptioncar.es\/ca\/como-funciona\/","og_site_name":"Subscription Car","article_modified_time":"2022-10-10T16:08:38+00:00","twitter_card":"summary_large_image","twitter_misc":{"Temps estimat de lectura":"2 minuts"},"schema":{"@context":"https:\/\/schema.org","@graph":[{"@type":"WebPage","@id":"https:\/\/subscriptioncar.es\/ca\/como-funciona\/","url":"https:\/\/subscriptioncar.es\/ca\/como-funciona\/","name":"Com funciona - Subscription Car","isPartOf":{"@id":"https:\/\/subscriptioncar.es\/ca\/#website"},"datePublished":"2022-07-01T10:54:19+00:00","dateModified":"2022-10-10T16:08:38+00:00","breadcrumb":{"@id":"https:\/\/subscriptioncar.es\/ca\/como-funciona\/#breadcrumb"},"inLanguage":"ca","potentialAction":[{"@type":"ReadAction","target":[["https:\/\/subscriptioncar.es\/ca\/como-funciona\/"]]}]},{"@type":"BreadcrumbList","@id":"https:\/\/subscriptioncar.es\/ca\/como-funciona\/#breadcrumb","itemListElement":[{"@type":"ListItem","position":1,"name":"Portada","item":"https:\/\/subscriptioncar.es\/ca\/"},{"@type":"ListItem","position":2,"name":"Como funciona"}]},{"@type":"WebSite","@id":"https:\/\/subscriptioncar.es\/ca\/#website","url":"https:\/\/subscriptioncar.es\/ca\/","name":"Subscription Car","description":"Som el cam\u00ed perqu\u00e8 pugueu gaudir d&#039;un nou vehicle","potentialAction":[{"@type":"SearchAction","target":{"@type":"EntryPoint","urlTemplate":"https:\/\/subscriptioncar.es\/ca\/?s={search_term_string}"},"query-input":{"@type":"PropertyValueSpecification","valueRequired":true,"valueName":"search_term_string"}}],"inLanguage":"ca"}]}},"_links":{"self":[{"href":"https:\/\/subscriptioncar.es\/ca\/wp-json\/wp\/v2\/pages\/3200","targetHints":{"allow":["GET"]}}],"collection":[{"href":"https:\/\/subscriptioncar.es\/ca\/wp-json\/wp\/v2\/pages"}],"about":[{"href":"https:\/\/subscriptioncar.es\/ca\/wp-json\/wp\/v2\/types\/page"}],"author":[{"embeddable":true,"href":"https:\/\/subscriptioncar.es\/ca\/wp-json\/wp\/v2\/users\/2"}],"replies":[{"embeddable":true,"href":"https:\/\/subscriptioncar.es\/ca\/wp-json\/wp\/v2\/comments?post=3200"}],"version-history":[{"count":2,"href":"https:\/\/subscriptioncar.es\/ca\/wp-json\/wp\/v2\/pages\/3200\/revisions"}],"predecessor-version":[{"id":3595,"href":"https:\/\/subscriptioncar.es\/ca\/wp-json\/wp\/v2\/pages\/3200\/revisions\/3595"}],"wp:attachment":[{"href":"https:\/\/subscriptioncar.es\/ca\/wp-json\/wp\/v2\/media?parent=3200"}],"curies":[{"name":"wp","href":"https:\/\/api.w.org\/{rel}","templated":true}]}}